{"id":64,"date":"2025-12-02T13:50:16","date_gmt":"2025-12-02T13:50:16","guid":{"rendered":"https:\/\/www.rodex.tech\/?page_id=64"},"modified":"2025-12-16T18:30:41","modified_gmt":"2025-12-16T17:30:41","slug":"rodex","status":"publish","type":"page","link":"https:\/\/www.rodex.tech\/en\/rodex\/","title":{"rendered":"Rodex"},"content":{"rendered":"<div data-elementor-type=\"wp-page\" data-elementor-id=\"64\" class=\"elementor elementor-64\" data-elementor-post-type=\"page\">\n\t\t\t\t<div class=\"elementor-element elementor-element-7044eed5 e-flex e-con-boxed e-con e-parent\" data-id=\"7044eed5\" data-element_type=\"container\" data-e-type=\"container\" data-settings=\"{&quot;background_background&quot;:&quot;classic&quot;}\">\n\t\t\t\t\t<div class=\"e-con-inner\">\n\t\t<div class=\"elementor-element elementor-element-4243408a e-flex e-con-boxed e-con e-child\" data-id=\"4243408a\" data-element_type=\"container\" data-e-type=\"container\">\n\t\t\t\t\t<div class=\"e-con-inner\">\n\t\t\t\t<div class=\"elementor-element elementor-element-503131f6 elementor-widget elementor-widget-heading\" data-id=\"503131f6\" data-element_type=\"widget\" data-e-type=\"widget\" data-widget_type=\"heading.default\">\n\t\t\t\t\t<h3 class=\"elementor-heading-title elementor-size-default\">Rodex<\/h3>\t\t\t\t<\/div>\n\t\t\t\t<div class=\"elementor-element elementor-element-4f02daa7 elementor-widget elementor-widget-heading\" data-id=\"4f02daa7\" data-element_type=\"widget\" data-e-type=\"widget\" data-widget_type=\"heading.default\">\n\t\t\t\t\t<h1 class=\"elementor-heading-title elementor-size-default\">Innovative automatic fire extinguishing systems and solutions <\/h1>\t\t\t\t<\/div>\n\t\t\t\t<div class=\"elementor-element elementor-element-24f071ff elementor-widget elementor-widget-text-editor\" data-id=\"24f071ff\" data-element_type=\"widget\" data-e-type=\"widget\" data-widget_type=\"text-editor.default\">\n\t\t\t\t\t\t\t\t\t<p>During the design and development of our devices, we created  with the aim of ensuring that  will be functional for decades to come, and can be integrated with any technology or even used as a independent system by our customers.<\/p>\t\t\t\t\t\t\t\t<\/div>\n\t\t\t\t\t<\/div>\n\t\t\t\t<\/div>\n\t\t\t\t\t<\/div>\n\t\t\t\t<\/div>\n\t\t<div class=\"elementor-element elementor-element-5f1c471b e-flex e-con-boxed e-con e-parent\" data-id=\"5f1c471b\" data-element_type=\"container\" data-e-type=\"container\" data-settings=\"{&quot;background_background&quot;:&quot;classic&quot;}\">\n\t\t\t\t\t<div class=\"e-con-inner\">\n\t\t\t\t<div class=\"elementor-element elementor-element-6c0e5aa2 elementor-widget elementor-widget-image\" data-id=\"6c0e5aa2\" data-element_type=\"widget\" data-e-type=\"widget\" data-widget_type=\"image.default\">\n\t\t\t\t\t\t\t\t\t\t\t\t\t\t\t<img fetchpriority=\"high\" decoding=\"async\" width=\"2560\" height=\"1706\" src=\"https:\/\/www.rodex.tech\/wp-content\/uploads\/2025\/12\/Onmukodo-tuzolto-rendszerek.jpg\" class=\"attachment-full size-full wp-image-204\" alt=\"\u00d6nm\u0171k\u00f6d\u0151 t\u0171zolt\u00f3 rendszerek\" srcset=\"https:\/\/www.rodex.tech\/wp-content\/uploads\/2025\/12\/Onmukodo-tuzolto-rendszerek.jpg 2560w, https:\/\/www.rodex.tech\/wp-content\/uploads\/2025\/12\/Onmukodo-tuzolto-rendszerek-300x200.jpg 300w, https:\/\/www.rodex.tech\/wp-content\/uploads\/2025\/12\/Onmukodo-tuzolto-rendszerek-1024x682.jpg 1024w, https:\/\/www.rodex.tech\/wp-content\/uploads\/2025\/12\/Onmukodo-tuzolto-rendszerek-768x512.jpg 768w, https:\/\/www.rodex.tech\/wp-content\/uploads\/2025\/12\/Onmukodo-tuzolto-rendszerek-1536x1024.jpg 1536w, https:\/\/www.rodex.tech\/wp-content\/uploads\/2025\/12\/Onmukodo-tuzolto-rendszerek-2048x1365.jpg 2048w, https:\/\/www.rodex.tech\/wp-content\/uploads\/2025\/12\/Onmukodo-tuzolto-rendszerek-18x12.jpg 18w\" sizes=\"(max-width: 2560px) 100vw, 2560px\" \/>\t\t\t\t\t\t\t\t\t\t\t\t\t\t\t<\/div>\n\t\t<div class=\"elementor-element elementor-element-61864f2c e-flex e-con-boxed e-con e-child\" data-id=\"61864f2c\" data-element_type=\"container\" data-e-type=\"container\" data-settings=\"{&quot;background_background&quot;:&quot;classic&quot;}\">\n\t\t\t\t\t<div class=\"e-con-inner\">\n\t\t<div class=\"elementor-element elementor-element-6255d32c e-con-full e-flex e-con e-child\" data-id=\"6255d32c\" data-element_type=\"container\" data-e-type=\"container\">\n\t\t\t\t<div class=\"elementor-element elementor-element-7641e51d elementor-widget elementor-widget-heading\" data-id=\"7641e51d\" data-element_type=\"widget\" data-e-type=\"widget\" data-widget_type=\"heading.default\">\n\t\t\t\t\t<h2 class=\"elementor-heading-title elementor-size-default translation-block\">Invisible, maintenance-free solution for everyday.<\/h2>\t\t\t\t<\/div>\n\t\t\t\t<div class=\"elementor-element elementor-element-cf46529 elementor-widget elementor-widget-heading\" data-id=\"cf46529\" data-element_type=\"widget\" data-e-type=\"widget\" data-widget_type=\"heading.default\">\n\t\t\t\t\t<h3 class=\"elementor-heading-title elementor-size-default\">Our company's main profile is the development, manufacturing, and consulting of innovative fire protection systems and solutions.<\/h3>\t\t\t\t<\/div>\n\t\t\t\t<div class=\"elementor-element elementor-element-72735939 elementor-widget elementor-widget-text-editor\" data-id=\"72735939\" data-element_type=\"widget\" data-e-type=\"widget\" data-widget_type=\"text-editor.default\">\n\t\t\t\t\t\t\t\t\t<p>Over the past 15 years, our portfolio has undergone many changes, working closely with authorities, designers, ensuring that we provide products that, besides meeting demand, are environmentally friendly, cost-effective, and operate automatically without physical presence or human intervention.<\/p><p>During the design and development of our devices, we created  with the aim of ensuring that  will be functional for decades to come, and can be integrated with any technology or even used as a independent system by our customers.<\/p>\t\t\t\t\t\t\t\t<\/div>\n\t\t\t\t<div class=\"elementor-element elementor-element-17ed5c9 elementor-widget elementor-widget-spacer\" data-id=\"17ed5c9\" data-element_type=\"widget\" data-e-type=\"widget\" data-widget_type=\"spacer.default\">\n\t\t\t\t\t\t\t<div class=\"elementor-spacer\">\n\t\t\t<div class=\"elementor-spacer-inner\"><\/div>\n\t\t<\/div>\n\t\t\t\t\t\t<\/div>\n\t\t\t\t<div class=\"elementor-element elementor-element-2ede8bf8 elementor-widget elementor-widget-heading\" data-id=\"2ede8bf8\" data-element_type=\"widget\" data-e-type=\"widget\" data-widget_type=\"heading.default\">\n\t\t\t\t\t<h2 class=\"elementor-heading-title elementor-size-default\">Expertise<\/h2>\t\t\t\t<\/div>\n\t\t\t\t<div class=\"elementor-element elementor-element-fcc9180 elementor-widget elementor-widget-heading\" data-id=\"fcc9180\" data-element_type=\"widget\" data-e-type=\"widget\" data-widget_type=\"heading.default\">\n\t\t\t\t\t<h3 class=\"elementor-heading-title elementor-size-default\">Our team members represent a variety of professional fields, making the implementation of large projects manageable.<\/h3>\t\t\t\t<\/div>\n\t\t\t\t<div class=\"elementor-element elementor-element-14d9ca4f elementor-widget elementor-widget-text-editor\" data-id=\"14d9ca4f\" data-element_type=\"widget\" data-e-type=\"widget\" data-widget_type=\"text-editor.default\">\n\t\t\t\t\t\t\t\t\t<p>Our colleagues, subcontractors, and certified installation partners are fire and occupational safety experts, fire protection designers, licensed maintenance technicians, and electricians, covering and integrating both trades.<\/p>\t\t\t\t\t\t\t\t<\/div>\n\t\t\t\t<\/div>\n\t\t\t\t<div class=\"elementor-element elementor-element-460d4ca3 elementor-widget elementor-widget-heading\" data-id=\"460d4ca3\" data-element_type=\"widget\" data-e-type=\"widget\" data-widget_type=\"heading.default\">\n\t\t\t\t\t<h2 class=\"elementor-heading-title elementor-size-default\">Devices<\/h2>\t\t\t\t<\/div>\n\t\t<div class=\"elementor-element elementor-element-6292ccfa e-con-full e-flex e-con e-child\" data-id=\"6292ccfa\" data-element_type=\"container\" data-e-type=\"container\">\n\t\t<div class=\"elementor-element elementor-element-25a5e615 e-con-full e-flex e-con e-child\" data-id=\"25a5e615\" data-element_type=\"container\" data-e-type=\"container\" data-settings=\"{&quot;background_background&quot;:&quot;classic&quot;}\">\n\t\t\t\t<div class=\"elementor-element elementor-element-398dd436 elementor-widget elementor-widget-heading\" data-id=\"398dd436\" data-element_type=\"widget\" data-e-type=\"widget\" data-widget_type=\"heading.default\">\n\t\t\t\t\t<h3 class=\"elementor-heading-title elementor-size-default\">Rodex Home<\/h3>\t\t\t\t<\/div>\n\t\t\t\t<div class=\"elementor-element elementor-element-6d757ad elementor-widget elementor-widget-heading\" data-id=\"6d757ad\" data-element_type=\"widget\" data-e-type=\"widget\" data-widget_type=\"heading.default\">\n\t\t\t\t\t<h3 class=\"elementor-heading-title elementor-size-default\">Automatic, reliable and environmentally friendly fire extinguishing solutions for the home <\/h3>\t\t\t\t<\/div>\n\t\t\t\t<div class=\"elementor-element elementor-element-3cd871c9 elementor-widget elementor-widget-text-editor\" data-id=\"3cd871c9\" data-element_type=\"widget\" data-e-type=\"widget\" data-widget_type=\"text-editor.default\">\n\t\t\t\t\t\t\t\t\t<p>With the Rodex system, you can avoid damage caused by electrical fires in your home and keep your family and valuables safe.<\/p>\t\t\t\t\t\t\t\t<\/div>\n\t\t\t\t<div class=\"elementor-element elementor-element-23c2288c elementor-align-center elementor-widget elementor-widget-button\" data-id=\"23c2288c\" data-element_type=\"widget\" data-e-type=\"widget\" data-widget_type=\"button.default\">\n\t\t\t\t\t\t\t\t\t\t<a class=\"elementor-button elementor-button-link elementor-size-sm elementor-animation-grow\" href=\"https:\/\/www.rodex.tech\/en\/rodex-home\/\">\n\t\t\t\t\t\t<span class=\"elementor-button-content-wrapper\">\n\t\t\t\t\t\t\t\t\t<span class=\"elementor-button-text\">Rodex Home<\/span>\n\t\t\t\t\t<\/span>\n\t\t\t\t\t<\/a>\n\t\t\t\t\t\t\t\t<\/div>\n\t\t\t\t<\/div>\n\t\t<div class=\"elementor-element elementor-element-4309d609 e-con-full e-flex e-con e-child\" data-id=\"4309d609\" data-element_type=\"container\" data-e-type=\"container\" data-settings=\"{&quot;background_background&quot;:&quot;classic&quot;}\">\n\t\t\t\t<\/div>\n\t\t\t\t<\/div>\n\t\t<div class=\"elementor-element elementor-element-61c3b0e e-con-full e-flex e-con e-child\" data-id=\"61c3b0e\" data-element_type=\"container\" data-e-type=\"container\">\n\t\t<div class=\"elementor-element elementor-element-bdc6a7e e-con-full e-flex e-con e-child\" data-id=\"bdc6a7e\" data-element_type=\"container\" data-e-type=\"container\" data-settings=\"{&quot;background_background&quot;:&quot;classic&quot;}\">\n\t\t\t\t<div class=\"elementor-element elementor-element-85a246b elementor-widget elementor-widget-heading\" data-id=\"85a246b\" data-element_type=\"widget\" data-e-type=\"widget\" data-widget_type=\"heading.default\">\n\t\t\t\t\t<h3 class=\"elementor-heading-title elementor-size-default\">Rodex Inc<\/h3>\t\t\t\t<\/div>\n\t\t\t\t<div class=\"elementor-element elementor-element-8993df6 elementor-widget elementor-widget-heading\" data-id=\"8993df6\" data-element_type=\"widget\" data-e-type=\"widget\" data-widget_type=\"heading.default\">\n\t\t\t\t\t<h3 class=\"elementor-heading-title elementor-size-default translation-block\">For professional, industrial and corporate customers<\/h3>\t\t\t\t<\/div>\n\t\t\t\t<div class=\"elementor-element elementor-element-94ac833 elementor-widget elementor-widget-text-editor\" data-id=\"94ac833\" data-element_type=\"widget\" data-e-type=\"widget\" data-widget_type=\"text-editor.default\">\n\t\t\t\t\t\t\t\t\t<p>Rodex fire protection systems meet the highest safety standards, guaranteeing continuous protection even when human intervention is not possible.\u00a0\u00a0<\/p>\t\t\t\t\t\t\t\t<\/div>\n\t\t\t\t<div class=\"elementor-element elementor-element-2e23866 elementor-align-center elementor-widget elementor-widget-button\" data-id=\"2e23866\" data-element_type=\"widget\" data-e-type=\"widget\" data-widget_type=\"button.default\">\n\t\t\t\t\t\t\t\t\t\t<a class=\"elementor-button elementor-button-link elementor-size-sm elementor-animation-grow\" href=\"https:\/\/www.rodex.tech\/en\/rodex-inc\/\">\n\t\t\t\t\t\t<span class=\"elementor-button-content-wrapper\">\n\t\t\t\t\t\t\t\t\t<span class=\"elementor-button-text\">Rodex Tech<\/span>\n\t\t\t\t\t<\/span>\n\t\t\t\t\t<\/a>\n\t\t\t\t\t\t\t\t<\/div>\n\t\t\t\t<\/div>\n\t\t<div class=\"elementor-element elementor-element-9f3fa64 e-con-full e-flex e-con e-child\" data-id=\"9f3fa64\" data-element_type=\"container\" data-e-type=\"container\" data-settings=\"{&quot;background_background&quot;:&quot;classic&quot;}\">\n\t\t\t\t<\/div>\n\t\t\t\t<\/div>\n\t\t\t\t\t<\/div>\n\t\t\t\t<\/div>\n\t\t\t\t\t<\/div>\n\t\t\t\t<\/div>\n\t\t<div class=\"elementor-element elementor-element-c4ffd68 e-con-full e-flex e-con e-child\" data-id=\"c4ffd68\" data-element_type=\"container\" data-e-type=\"container\" data-settings=\"{&quot;background_background&quot;:&quot;classic&quot;}\">\n\t\t\t\t<div class=\"elementor-element elementor-element-04e5609 elementor-widget elementor-widget-heading\" data-id=\"04e5609\" data-element_type=\"widget\" data-e-type=\"widget\" data-widget_type=\"heading.default\">\n\t\t\t\t\t<h2 class=\"elementor-heading-title elementor-size-default\">Contact<\/h2>\t\t\t\t<\/div>\n\t\t\t\t<div class=\"elementor-element elementor-element-657b264 elementor-widget-divider--view-line elementor-widget elementor-widget-divider\" data-id=\"657b264\" data-element_type=\"widget\" data-e-type=\"widget\" data-widget_type=\"divider.default\">\n\t\t\t\t\t\t\t<div class=\"elementor-divider\">\n\t\t\t<span class=\"elementor-divider-separator\">\n\t\t\t\t\t\t<\/span>\n\t\t<\/div>\n\t\t\t\t\t\t<\/div>\n\t\t\t\t<div class=\"elementor-element elementor-element-92a840a elementor-widget elementor-widget-heading\" data-id=\"92a840a\" data-element_type=\"widget\" data-e-type=\"widget\" data-widget_type=\"heading.default\">\n\t\t\t\t\t<p class=\"elementor-heading-title elementor-size-default translation-block\">Contact our specialists today for personalized offers.<\/p>\t\t\t\t<\/div>\n\t\t\t\t<div class=\"elementor-element elementor-element-687f75f elementor-align-center elementor-widget elementor-widget-button\" data-id=\"687f75f\" data-element_type=\"widget\" data-e-type=\"widget\" data-widget_type=\"button.default\">\n\t\t\t\t\t\t\t\t\t\t<a class=\"elementor-button elementor-button-link elementor-size-sm elementor-animation-grow\" href=\"https:\/\/www.rodex.tech\/en\/kapcsolat\/\">\n\t\t\t\t\t\t<span class=\"elementor-button-content-wrapper\">\n\t\t\t\t\t\t\t\t\t<span class=\"elementor-button-text\">Contact<\/span>\n\t\t\t\t\t<\/span>\n\t\t\t\t\t<\/a>\n\t\t\t\t\t\t\t\t<\/div>\n\t\t\t\t<\/div>\n\t\t\t\t<\/div>","protected":false},"excerpt":{"rendered":"<p>Rodex Innovat\u00edv \u00f6nm\u0171k\u00f6d\u0151 t\u0171zolt\u00f3 rendszerek \u00e9s megold\u00e1sok Eszk\u00f6zeinket a tervez\u00e9s, fejleszt\u00e9s sor\u00e1n azzal a szeml\u00e9lettel hoztuk l\u00e9tre, hogy a k\u00f6vetkez\u0151 \u00e9vtizedekben is m\u0171k\u00f6d\u0151k\u00e9pesek legyenek, \u00e9s b\u00e1rmely technol\u00f3gi\u00e1hoz illeszkedjenek vagy ak\u00e1r \u00f6n\u00e1ll\u00f3 rendszerk\u00e9nt is alkalmazhass\u00e1k Megrendel\u0151ink. L\u00e1thatatlan, gondoz\u00e1smentes megold\u00e1s a mindennapokban T\u00e1rsas\u00e1gunk f\u0151 profilja innovat\u00edv t\u0171zolt\u00f3 rendszerek \u00e9s megold\u00e1sok fejleszt\u00e9se, gy\u00e1rt\u00e1sa \u00e9s tan\u00e1csad\u00f3i tev\u00e9kenys\u00e9g. Az elm\u00falt [&hellip;]<\/p>\n","protected":false},"author":2,"featured_media":0,"parent":0,"menu_order":2,"comment_status":"closed","ping_status":"closed","template":"","meta":{"footnotes":""},"class_list":["post-64","page","type-page","status-publish","hentry"],"yoast_head":"<!-- This site is optimized with the Yoast SEO Premium plugin v27.3 (Yoast SEO v27.3) - https:\/\/yoast.com\/product\/yoast-seo-premium-wordpress\/ -->\n<title>Rodex - Rodex<\/title>\n<meta name=\"robots\" content=\"index, follow, max-snippet:-1, max-image-preview:large, max-video-preview:-1\" \/>\n<link rel=\"canonical\" href=\"https:\/\/www.rodex.tech\/en\/rodex\/\" \/>\n<meta property=\"og:locale\" content=\"en_GB\" \/>\n<meta property=\"og:type\" content=\"article\" \/>\n<meta property=\"og:title\" content=\"Rodex\" \/>\n<meta property=\"og:description\" content=\"Rodex Innovat\u00edv \u00f6nm\u0171k\u00f6d\u0151 t\u0171zolt\u00f3 rendszerek \u00e9s megold\u00e1sok Eszk\u00f6zeinket a tervez\u00e9s, fejleszt\u00e9s sor\u00e1n azzal a szeml\u00e9lettel hoztuk l\u00e9tre, hogy a k\u00f6vetkez\u0151 \u00e9vtizedekben is m\u0171k\u00f6d\u0151k\u00e9pesek legyenek, \u00e9s b\u00e1rmely technol\u00f3gi\u00e1hoz illeszkedjenek vagy ak\u00e1r \u00f6n\u00e1ll\u00f3 rendszerk\u00e9nt is alkalmazhass\u00e1k Megrendel\u0151ink. L\u00e1thatatlan, gondoz\u00e1smentes megold\u00e1s a mindennapokban T\u00e1rsas\u00e1gunk f\u0151 profilja innovat\u00edv t\u0171zolt\u00f3 rendszerek \u00e9s megold\u00e1sok fejleszt\u00e9se, gy\u00e1rt\u00e1sa \u00e9s tan\u00e1csad\u00f3i tev\u00e9kenys\u00e9g. Az elm\u00falt [&hellip;]\" \/>\n<meta property=\"og:url\" content=\"https:\/\/www.rodex.tech\/en\/rodex\/\" \/>\n<meta property=\"og:site_name\" content=\"Rodex\" \/>\n<meta property=\"article:publisher\" content=\"https:\/\/www.facebook.com\/profile.php?id=61578696682854\" \/>\n<meta property=\"article:modified_time\" content=\"2025-12-16T17:30:41+00:00\" \/>\n<meta name=\"twitter:card\" content=\"summary_large_image\" \/>\n<meta name=\"twitter:label1\" content=\"Estimated reading time\" \/>\n\t<meta name=\"twitter:data1\" content=\"2 minutes\" \/>\n<script type=\"application\/ld+json\" class=\"yoast-schema-graph\">{\"@context\":\"https:\\\/\\\/schema.org\",\"@graph\":[{\"@type\":\"WebPage\",\"@id\":\"https:\\\/\\\/www.rodex.tech\\\/rodex\\\/\",\"url\":\"https:\\\/\\\/www.rodex.tech\\\/rodex\\\/\",\"name\":\"Rodex - Rodex\",\"isPartOf\":{\"@id\":\"https:\\\/\\\/www.rodex.tech\\\/#website\"},\"primaryImageOfPage\":{\"@id\":\"https:\\\/\\\/www.rodex.tech\\\/rodex\\\/#primaryimage\"},\"image\":{\"@id\":\"https:\\\/\\\/www.rodex.tech\\\/rodex\\\/#primaryimage\"},\"thumbnailUrl\":\"https:\\\/\\\/www.rodex.tech\\\/wp-content\\\/uploads\\\/2025\\\/12\\\/Onmukodo-tuzolto-rendszerek.jpg\",\"datePublished\":\"2025-12-02T13:50:16+00:00\",\"dateModified\":\"2025-12-16T17:30:41+00:00\",\"breadcrumb\":{\"@id\":\"https:\\\/\\\/www.rodex.tech\\\/rodex\\\/#breadcrumb\"},\"inLanguage\":\"en-GB\",\"potentialAction\":[{\"@type\":\"ReadAction\",\"target\":[\"https:\\\/\\\/www.rodex.tech\\\/rodex\\\/\"]}]},{\"@type\":\"ImageObject\",\"inLanguage\":\"en-GB\",\"@id\":\"https:\\\/\\\/www.rodex.tech\\\/rodex\\\/#primaryimage\",\"url\":\"https:\\\/\\\/www.rodex.tech\\\/wp-content\\\/uploads\\\/2025\\\/12\\\/Onmukodo-tuzolto-rendszerek.jpg\",\"contentUrl\":\"https:\\\/\\\/www.rodex.tech\\\/wp-content\\\/uploads\\\/2025\\\/12\\\/Onmukodo-tuzolto-rendszerek.jpg\"},{\"@type\":\"BreadcrumbList\",\"@id\":\"https:\\\/\\\/www.rodex.tech\\\/rodex\\\/#breadcrumb\",\"itemListElement\":[{\"@type\":\"ListItem\",\"position\":1,\"name\":\"Kezd\u0151lap\",\"item\":\"https:\\\/\\\/www.rodex.tech\\\/\"},{\"@type\":\"ListItem\",\"position\":2,\"name\":\"Rodex\"}]},{\"@type\":\"WebSite\",\"@id\":\"https:\\\/\\\/www.rodex.tech\\\/#website\",\"url\":\"https:\\\/\\\/www.rodex.tech\\\/\",\"name\":\"Rodex\",\"description\":\"\",\"publisher\":{\"@id\":\"https:\\\/\\\/www.rodex.tech\\\/#organization\"},\"potentialAction\":[{\"@type\":\"SearchAction\",\"target\":{\"@type\":\"EntryPoint\",\"urlTemplate\":\"https:\\\/\\\/www.rodex.tech\\\/?s={search_term_string}\"},\"query-input\":{\"@type\":\"PropertyValueSpecification\",\"valueRequired\":true,\"valueName\":\"search_term_string\"}}],\"inLanguage\":\"en-GB\"},{\"@type\":\"Organization\",\"@id\":\"https:\\\/\\\/www.rodex.tech\\\/#organization\",\"name\":\"Rodex Fire Supression Technologies\",\"url\":\"https:\\\/\\\/www.rodex.tech\\\/\",\"logo\":{\"@type\":\"ImageObject\",\"inLanguage\":\"en-GB\",\"@id\":\"https:\\\/\\\/www.rodex.tech\\\/#\\\/schema\\\/logo\\\/image\\\/\",\"url\":\"https:\\\/\\\/www.rodex.tech\\\/wp-content\\\/uploads\\\/2025\\\/12\\\/Rodex1.png\",\"contentUrl\":\"https:\\\/\\\/www.rodex.tech\\\/wp-content\\\/uploads\\\/2025\\\/12\\\/Rodex1.png\",\"width\":511,\"height\":127,\"caption\":\"Rodex Fire Supression Technologies\"},\"image\":{\"@id\":\"https:\\\/\\\/www.rodex.tech\\\/#\\\/schema\\\/logo\\\/image\\\/\"},\"sameAs\":[\"https:\\\/\\\/www.facebook.com\\\/profile.php?id=61578696682854\",\"https:\\\/\\\/www.instagram.com\\\/rodexfire\\\/\"]}]}<\/script>\n<!-- \/ Yoast SEO Premium plugin. -->","yoast_head_json":{"title":"Rodex - Rodex","robots":{"index":"index","follow":"follow","max-snippet":"max-snippet:-1","max-image-preview":"max-image-preview:large","max-video-preview":"max-video-preview:-1"},"canonical":"https:\/\/www.rodex.tech\/en\/rodex\/","og_locale":"en_GB","og_type":"article","og_title":"Rodex","og_description":"Rodex Innovat\u00edv \u00f6nm\u0171k\u00f6d\u0151 t\u0171zolt\u00f3 rendszerek \u00e9s megold\u00e1sok Eszk\u00f6zeinket a tervez\u00e9s, fejleszt\u00e9s sor\u00e1n azzal a szeml\u00e9lettel hoztuk l\u00e9tre, hogy a k\u00f6vetkez\u0151 \u00e9vtizedekben is m\u0171k\u00f6d\u0151k\u00e9pesek legyenek, \u00e9s b\u00e1rmely technol\u00f3gi\u00e1hoz illeszkedjenek vagy ak\u00e1r \u00f6n\u00e1ll\u00f3 rendszerk\u00e9nt is alkalmazhass\u00e1k Megrendel\u0151ink. L\u00e1thatatlan, gondoz\u00e1smentes megold\u00e1s a mindennapokban T\u00e1rsas\u00e1gunk f\u0151 profilja innovat\u00edv t\u0171zolt\u00f3 rendszerek \u00e9s megold\u00e1sok fejleszt\u00e9se, gy\u00e1rt\u00e1sa \u00e9s tan\u00e1csad\u00f3i tev\u00e9kenys\u00e9g. Az elm\u00falt [&hellip;]","og_url":"https:\/\/www.rodex.tech\/en\/rodex\/","og_site_name":"Rodex","article_publisher":"https:\/\/www.facebook.com\/profile.php?id=61578696682854","article_modified_time":"2025-12-16T17:30:41+00:00","twitter_card":"summary_large_image","twitter_misc":{"Estimated reading time":"2 minutes"},"schema":{"@context":"https:\/\/schema.org","@graph":[{"@type":"WebPage","@id":"https:\/\/www.rodex.tech\/rodex\/","url":"https:\/\/www.rodex.tech\/rodex\/","name":"Rodex - Rodex","isPartOf":{"@id":"https:\/\/www.rodex.tech\/#website"},"primaryImageOfPage":{"@id":"https:\/\/www.rodex.tech\/rodex\/#primaryimage"},"image":{"@id":"https:\/\/www.rodex.tech\/rodex\/#primaryimage"},"thumbnailUrl":"https:\/\/www.rodex.tech\/wp-content\/uploads\/2025\/12\/Onmukodo-tuzolto-rendszerek.jpg","datePublished":"2025-12-02T13:50:16+00:00","dateModified":"2025-12-16T17:30:41+00:00","breadcrumb":{"@id":"https:\/\/www.rodex.tech\/rodex\/#breadcrumb"},"inLanguage":"en-GB","potentialAction":[{"@type":"ReadAction","target":["https:\/\/www.rodex.tech\/rodex\/"]}]},{"@type":"ImageObject","inLanguage":"en-GB","@id":"https:\/\/www.rodex.tech\/rodex\/#primaryimage","url":"https:\/\/www.rodex.tech\/wp-content\/uploads\/2025\/12\/Onmukodo-tuzolto-rendszerek.jpg","contentUrl":"https:\/\/www.rodex.tech\/wp-content\/uploads\/2025\/12\/Onmukodo-tuzolto-rendszerek.jpg"},{"@type":"BreadcrumbList","@id":"https:\/\/www.rodex.tech\/rodex\/#breadcrumb","itemListElement":[{"@type":"ListItem","position":1,"name":"Kezd\u0151lap","item":"https:\/\/www.rodex.tech\/"},{"@type":"ListItem","position":2,"name":"Rodex"}]},{"@type":"WebSite","@id":"https:\/\/www.rodex.tech\/#website","url":"https:\/\/www.rodex.tech\/","name":"Rodex","description":"","publisher":{"@id":"https:\/\/www.rodex.tech\/#organization"},"potentialAction":[{"@type":"SearchAction","target":{"@type":"EntryPoint","urlTemplate":"https:\/\/www.rodex.tech\/?s={search_term_string}"},"query-input":{"@type":"PropertyValueSpecification","valueRequired":true,"valueName":"search_term_string"}}],"inLanguage":"en-GB"},{"@type":"Organization","@id":"https:\/\/www.rodex.tech\/#organization","name":"Rodex Fire Supression Technologies","url":"https:\/\/www.rodex.tech\/","logo":{"@type":"ImageObject","inLanguage":"en-GB","@id":"https:\/\/www.rodex.tech\/#\/schema\/logo\/image\/","url":"https:\/\/www.rodex.tech\/wp-content\/uploads\/2025\/12\/Rodex1.png","contentUrl":"https:\/\/www.rodex.tech\/wp-content\/uploads\/2025\/12\/Rodex1.png","width":511,"height":127,"caption":"Rodex Fire Supression Technologies"},"image":{"@id":"https:\/\/www.rodex.tech\/#\/schema\/logo\/image\/"},"sameAs":["https:\/\/www.facebook.com\/profile.php?id=61578696682854","https:\/\/www.instagram.com\/rodexfire\/"]}]}},"_links":{"self":[{"href":"https:\/\/www.rodex.tech\/en\/wp-json\/wp\/v2\/pages\/64","targetHints":{"allow":["GET"]}}],"collection":[{"href":"https:\/\/www.rodex.tech\/en\/wp-json\/wp\/v2\/pages"}],"about":[{"href":"https:\/\/www.rodex.tech\/en\/wp-json\/wp\/v2\/types\/page"}],"author":[{"embeddable":true,"href":"https:\/\/www.rodex.tech\/en\/wp-json\/wp\/v2\/users\/2"}],"replies":[{"embeddable":true,"href":"https:\/\/www.rodex.tech\/en\/wp-json\/wp\/v2\/comments?post=64"}],"version-history":[{"count":31,"href":"https:\/\/www.rodex.tech\/en\/wp-json\/wp\/v2\/pages\/64\/revisions"}],"predecessor-version":[{"id":361,"href":"https:\/\/www.rodex.tech\/en\/wp-json\/wp\/v2\/pages\/64\/revisions\/361"}],"wp:attachment":[{"href":"https:\/\/www.rodex.tech\/en\/wp-json\/wp\/v2\/media?parent=64"}],"curies":[{"name":"wp","href":"https:\/\/api.w.org\/{rel}","templated":true}]}}